{"id":3533,"date":"2021-12-28T09:40:56","date_gmt":"2021-12-28T09:40:56","guid":{"rendered":"http:\/\/ba938el.myraidbox.de\/impressum\/"},"modified":"2023-01-27T07:37:59","modified_gmt":"2023-01-27T07:37:59","slug":"impressum","status":"publish","type":"page","link":"https:\/\/www.ercosplan.com\/ru\/impressum\/","title":{"rendered":"Impressum"},"content":{"rendered":"<div class=\"fusion-fullwidth fullwidth-box fusion-builder-row-1 fusion-flex-container nonhundred-percent-fullwidth non-hundred-percent-height-scrolling\" style=\"--awb-border-radius-top-left:0px;--awb-border-radius-top-right:0px;--awb-border-radius-bottom-right:0px;--awb-border-radius-bottom-left:0px;--awb-flex-wrap:wrap;\" ><div class=\"fusion-builder-row fusion-row fusion-flex-align-items-flex-start fusion-flex-content-wrap\" style=\"max-width:1331.2px;margin-left: calc(-4% \/ 2 );margin-right: calc(-4% \/ 2 );\"><div class=\"fusion-layout-column fusion_builder_column fusion-builder-column-0 fusion_builder_column_1_1 1_1 fusion-flex-column\" style=\"--awb-bg-blend:overlay;--awb-bg-size:cover;--awb-width-large:100%;--awb-margin-top-large:0px;--awb-spacing-right-large:1.92%;--awb-margin-bottom-large:0px;--awb-spacing-left-large:1.92%;--awb-width-medium:100%;--awb-spacing-right-medium:1.92%;--awb-spacing-left-medium:1.92%;--awb-width-small:100%;--awb-spacing-right-small:1.92%;--awb-spacing-left-small:1.92%;\"><div class=\"fusion-column-wrapper fusion-flex-justify-content-flex-start fusion-content-layout-column\"><div class=\"fusion-text fusion-text-1\" style=\"--awb-text-transform:none;\"><\/p>\n<h2 class=\"wp-block-heading\" style=\"--fontsize: 34; line-height: 1.15;\" data-fontsize=\"34\" data-lineheight=\"39.1px\">Impressum<\/h2>\n<h3 class=\"\" style=\"--fontsize: 24; line-height: 1.15;\" data-fontsize=\"24\" data-lineheight=\"27.6px\">ERCOSPLAN Erfurter Consulting- und Planungsb\u00fcro GmbH<\/h3>\n<p>Arnst\u00e4dter Stra\u00dfe 28 <br \/><span style=\"color: var(--body_typography-color); font-family: var(--body_typography-font-family); font-size: var(--body_typography-font-size); font-style: var(--body_typography-font-style,normal); letter-spacing: var(--body_typography-letter-spacing);\">99096 Erfurt <br \/>Tel.: +49 361 3810 0 <br \/>Fax: +49 361 3810 106<br \/>E-Mail: info @ercosplan.com<\/span><\/p>\n<p>Amtsgericht Jena, HRB 104485 <br \/>Gesch\u00e4ftsf\u00fchrer: Dr. Henry Rauche, Thomas Kie\u00dfling<br \/>USt-IdNr.: DE 150 098 796<\/p>\n<h3 class=\"\" style=\"--fontsize: 24; line-height: 1.15;\" data-fontsize=\"24\" data-lineheight=\"27.6px\">ERCOSPLAN Ingenieurgesellschaft Geotechnik und Bergbau mbH<\/h3>\n<p>Arnst\u00e4dter Stra\u00dfe 28 <br \/>99096 Erfurt <br \/>Tel.: +49 361 3810 500 <br \/>Fax: +49 361 3810 505 <br \/>E-Mail: mining @ercosplan.com<\/p>\n<p>Amtsgericht Jena, HRB 109822 <br \/>Gesch\u00e4ftsf\u00fchrer: Dr. Henry Rauche, Thomas Kie\u00dfling <br \/>USt-IdNr.: DE 812 357 054<\/p>\n<h3 class=\"\" style=\"--fontsize: 24; line-height: 1.15;\" data-fontsize=\"24\" data-lineheight=\"27.6px\">ERCOSPLAN Ingenieurb\u00fcro Anlagentechnik GmbH<\/h3>\n<p>Arnst\u00e4dter Stra\u00dfe 28 <br \/>99096 Erfurt <br \/>Tel.: +49 361 3810 600 <br \/>Fax: +49 361 3810 605<br \/>E-Mail: processing @ercosplan.com<\/p>\n<p>Amtsgericht Jena, HRB 110035 <br \/>Gesch\u00e4ftsf\u00fchrer: Dr. Henry Rauche <br \/>USt-IdNr.: DE 193 130 750<\/p>\n<h3 class=\"\" style=\"--fontsize: 24; line-height: 1.15;\" data-fontsize=\"24\" data-lineheight=\"27.6px\">ERCOSPLAN Umwelt Consulting GmbH<\/h3>\n<p>Arnst\u00e4dter Stra\u00dfe 28 <br \/>99096 Erfurt <br \/>Tel.: +49 361 3810 700 <br \/>Fax: +49 361 3810 705 <br \/>E-Mail: umwelt @ercosplan.com<\/p>\n<p>Amtsgericht Jena, HRB 108845 <br \/>Gesch\u00e4ftsf\u00fchrerin: Anke Kr\u00f6ger-Herke<br \/>USt-IdNr.: DE 178 601 197<\/p>\n<p>Wir haben auf unseren Internetseiten Links zu anderen Seiten im Internet gelegt. F\u00fcr all diese gelinkten Internetseiten anderer Anbieter m\u00f6chten wir ausdr\u00fccklich betonen, dass wir keinerlei Einfluss auf die Gestaltung und die Inhalte der gelinkten Seiten haben. Deshalb distanzieren wir uns hiermit ausdr\u00fccklich von allen Inhalten aller gelinkten Seiten auf unserer Homepage. Diese Erkl\u00e4rung gilt ausdr\u00fccklich f\u00fcr alle auf unseren Internetseiten ausgebrachten Links und f\u00fcr alle Inhalte der Seiten, zu denen die Banner f\u00fchren.<\/p>\n<\/div><\/div><\/div><\/div><\/div><div class=\"fusion-fullwidth fullwidth-box fusion-builder-row-2 fusion-flex-container nonhundred-percent-fullwidth non-hundred-percent-height-scrolling\" style=\"--awb-border-radius-top-left:0px;--awb-border-radius-top-right:0px;--awb-border-radius-bottom-right:0px;--awb-border-radius-bottom-left:0px;--awb-flex-wrap:wrap;\" ><div class=\"fusion-builder-row fusion-row fusion-flex-align-items-flex-start fusion-flex-content-wrap\" style=\"max-width:1331.2px;margin-left: calc(-4% \/ 2 );margin-right: calc(-4% \/ 2 );\"><div class=\"fusion-layout-column fusion_builder_column fusion-builder-column-1 fusion_builder_column_1_1 1_1 fusion-flex-column\" style=\"--awb-bg-size:cover;--awb-width-large:100%;--awb-margin-top-large:10px;--awb-spacing-right-large:1.92%;--awb-margin-bottom-large:10px;--awb-spacing-left-large:1.92%;--awb-width-medium:100%;--awb-order-medium:0;--awb-spacing-right-medium:1.92%;--awb-spacing-left-medium:1.92%;--awb-width-small:100%;--awb-order-small:0;--awb-spacing-right-small:1.92%;--awb-spacing-left-small:1.92%;\"><div class=\"fusion-column-wrapper fusion-column-has-shadow fusion-flex-justify-content-flex-start fusion-content-layout-column\"><div class=\"fusion-text fusion-text-2\"><h2 class=\"\" style=\"--fontsize: 34; line-height: 1.15;\" data-fontsize=\"34\" data-lineheight=\"39.1px\">Webdesign<\/h2>\n<p>thiemwork \u2013 www.thiemwork.de<\/p>\n<h2 style=\"--fontSize: 34; line-height: 1.15;\" data-fontsize=\"34\" data-lineheight=\"39.099998px\" class=\"fusion-responsive-typography-calculated\">\u0410\u0432\u0442\u043e\u0440\u044b \u0438\u043b\u043b\u044e\u0441\u0442\u0440\u0430\u0446\u0438\u0439<\/h2>\n<p class=\"title-heading-center fusion-responsive-typography-calculated\">\n<ul>\n<li><span style=\"color: var(--awb-text-color); font-family: var(--awb-text-font-family); font-size: var(--awb-font-size); font-style: var(--awb-text-font-style); letter-spacing: var(--awb-letter-spacing); text-align: var(--awb-content-alignment); text-transform: var(--awb-text-transform); background-color: var(--awb-bg-color);\">\u041d\u0410\u0428\u0418 \u041a\u041e\u041d\u0422\u0410\u041a\u0422\u042b, \u0417\u0430\u0445\u043e\u0440\u043e\u043d\u0435\u043d\u0438\u0435 \u0440\u0430\u0434\u0438\u0430\u043a\u0442\u0438\u0432\u043d\u044b\u0445 \u043e\u0442\u0445\u043e\u0434\u043e\u0432: Bundesgesellschaft f\u00fcr Endlagerung mbH<\/span><br><\/li>\n<li><span style=\"color: var(--awb-text-color); font-family: var(--awb-text-font-family); font-size: var(--awb-font-size); font-style: var(--awb-text-font-style); letter-spacing: var(--awb-letter-spacing); text-align: var(--awb-content-alignment); text-transform: var(--awb-text-transform); background-color: var(--awb-bg-color);\">thiemwork\/ \u00a9 scaliger #328896165 \u2013 stock.adobe.com<\/span><br><\/li>\n<\/ul>\n<\/div><\/div><\/div><\/div><\/div>","protected":false},"excerpt":{"rendered":"","protected":false},"author":1,"featured_media":0,"parent":0,"menu_order":0,"comment_status":"closed","ping_status":"closed","template":"","meta":{"footnotes":""},"class_list":["post-3533","page","type-page","status-publish","hentry"],"yoast_head":"<!-- This site is optimized with the Yoast SEO plugin v27.2 - https:\/\/yoast.com\/product\/yoast-seo-wordpress\/ -->\n<title>Impressum - ERCOSPLAN<\/title>\n<meta name=\"robots\" content=\"noindex, follow\" \/>\n<meta property=\"og:locale\" content=\"ru_RU\" \/>\n<meta property=\"og:type\" content=\"article\" \/>\n<meta property=\"og:title\" content=\"Impressum - ERCOSPLAN\" \/>\n<meta property=\"og:url\" content=\"https:\/\/www.ercosplan.com\/ru\/impressum\/\" \/>\n<meta property=\"og:site_name\" content=\"ERCOSPLAN\" \/>\n<meta property=\"article:modified_time\" content=\"2023-01-27T07:37:59+00:00\" \/>\n<meta property=\"og:image\" content=\"https:\/\/www.ercosplan.com\/wp-content\/uploads\/2024\/09\/Ercosplan-Gebeaude-2-1200x650-1.jpg\" \/>\n\t<meta property=\"og:image:width\" content=\"1200\" \/>\n\t<meta property=\"og:image:height\" content=\"650\" \/>\n\t<meta property=\"og:image:type\" content=\"image\/jpeg\" \/>\n<meta name=\"twitter:card\" content=\"summary_large_image\" \/>\n<meta name=\"twitter:label1\" content=\"\u041f\u0440\u0438\u043c\u0435\u0440\u043d\u043e\u0435 \u0432\u0440\u0435\u043c\u044f \u0434\u043b\u044f \u0447\u0442\u0435\u043d\u0438\u044f\" \/>\n\t<meta name=\"twitter:data1\" content=\"3 \u043c\u0438\u043d\u0443\u0442\u044b\" \/>\n<!-- \/ Yoast SEO plugin. -->","yoast_head_json":{"title":"Impressum - ERCOSPLAN","robots":{"index":"noindex","follow":"follow"},"og_locale":"ru_RU","og_type":"article","og_title":"Impressum - ERCOSPLAN","og_url":"https:\/\/www.ercosplan.com\/ru\/impressum\/","og_site_name":"ERCOSPLAN","article_modified_time":"2023-01-27T07:37:59+00:00","og_image":[{"width":1200,"height":650,"url":"https:\/\/www.ercosplan.com\/wp-content\/uploads\/2024\/09\/Ercosplan-Gebeaude-2-1200x650-1.jpg","type":"image\/jpeg"}],"twitter_card":"summary_large_image","twitter_misc":{"\u041f\u0440\u0438\u043c\u0435\u0440\u043d\u043e\u0435 \u0432\u0440\u0435\u043c\u044f \u0434\u043b\u044f \u0447\u0442\u0435\u043d\u0438\u044f":"3 \u043c\u0438\u043d\u0443\u0442\u044b"},"schema":{"@context":"https:\/\/schema.org","@graph":[{"@type":"WebPage","@id":"https:\/\/www.ercosplan.com\/ru\/impressum\/","url":"https:\/\/www.ercosplan.com\/ru\/impressum\/","name":"Impressum - ERCOSPLAN","isPartOf":{"@id":"https:\/\/www.ercosplan.com\/#website"},"datePublished":"2021-12-28T09:40:56+00:00","dateModified":"2023-01-27T07:37:59+00:00","breadcrumb":{"@id":"https:\/\/www.ercosplan.com\/ru\/impressum\/#breadcrumb"},"inLanguage":"ru-RU","potentialAction":[{"@type":"ReadAction","target":["https:\/\/www.ercosplan.com\/ru\/impressum\/"]}]},{"@type":"BreadcrumbList","@id":"https:\/\/www.ercosplan.com\/ru\/impressum\/#breadcrumb","itemListElement":[{"@type":"ListItem","position":1,"name":"Startseite","item":"https:\/\/www.ercosplan.com\/ru\/"},{"@type":"ListItem","position":2,"name":"Impressum"}]},{"@type":"WebSite","@id":"https:\/\/www.ercosplan.com\/#website","url":"https:\/\/www.ercosplan.com\/","name":"ERCOSPLAN","description":"Seit mehr als 70 Jahren - Erfahrung, sammeln und weitergeben","potentialAction":[{"@type":"SearchAction","target":{"@type":"EntryPoint","urlTemplate":"https:\/\/www.ercosplan.com\/?s={search_term_string}"},"query-input":{"@type":"PropertyValueSpecification","valueRequired":true,"valueName":"search_term_string"}}],"inLanguage":"ru-RU"}]}},"_links":{"self":[{"href":"https:\/\/www.ercosplan.com\/ru\/wp-json\/wp\/v2\/pages\/3533","targetHints":{"allow":["GET"]}}],"collection":[{"href":"https:\/\/www.ercosplan.com\/ru\/wp-json\/wp\/v2\/pages"}],"about":[{"href":"https:\/\/www.ercosplan.com\/ru\/wp-json\/wp\/v2\/types\/page"}],"author":[{"embeddable":true,"href":"https:\/\/www.ercosplan.com\/ru\/wp-json\/wp\/v2\/users\/1"}],"replies":[{"embeddable":true,"href":"https:\/\/www.ercosplan.com\/ru\/wp-json\/wp\/v2\/comments?post=3533"}],"version-history":[{"count":5,"href":"https:\/\/www.ercosplan.com\/ru\/wp-json\/wp\/v2\/pages\/3533\/revisions"}],"predecessor-version":[{"id":4843,"href":"https:\/\/www.ercosplan.com\/ru\/wp-json\/wp\/v2\/pages\/3533\/revisions\/4843"}],"wp:attachment":[{"href":"https:\/\/www.ercosplan.com\/ru\/wp-json\/wp\/v2\/media?parent=3533"}],"curies":[{"name":"wp","href":"https:\/\/api.w.org\/{rel}","templated":true}]}}